{"id":779,"date":"2020-06-21T21:50:37","date_gmt":"2020-06-21T19:50:37","guid":{"rendered":"https:\/\/documenta-translations.com\/declaration-de-protection-des-donnees\/"},"modified":"2020-06-22T18:57:24","modified_gmt":"2020-06-22T16:57:24","slug":"declaration-de-protection-des-donnees","status":"publish","type":"page","link":"https:\/\/documenta-translations.com\/fr\/declaration-de-protection-des-donnees\/","title":{"rendered":"D\u00e9claration de protection des donn\u00e9es"},"content":{"rendered":"\t\t<div data-elementor-type=\"wp-page\" data-elementor-id=\"779\" class=\"elementor elementor-779 elementor-592\">\n\t\t\t\t\t\t<section class=\"elementor-section elementor-top-section elementor-element elementor-element-377bdba9 elementor-section-boxed elementor-section-height-default elementor-section-height-default\" data-id=\"377bdba9\" data-element_type=\"section\">\n\t\t\t\t\t\t<div class=\"elementor-container elementor-column-gap-default\">\n\t\t\t\t\t<div class=\"elementor-column elementor-col-33 elementor-top-column elementor-element elementor-element-51b117de\" data-id=\"51b117de\" data-element_type=\"column\">\n\t\t\t<div class=\"elementor-widget-wrap elementor-element-populated\">\n\t\t\t\t\t\t<div class=\"elementor-element elementor-element-dbf2715 elementor-widget elementor-widget-text-editor\" data-id=\"dbf2715\" data-element_type=\"widget\" data-widget_type=\"text-editor.default\">\n\t\t\t\t<div class=\"elementor-widget-container\">\n\t\t\t\t\t\t\t\t\t<p><a href=\"https:\/\/documenta-translations.com\/fr\/\">Home<\/a><\/p>\n\t\t\t\t\t\t\t\t<\/div>\n\t\t\t\t<\/div>\n\t\t\t\t\t<\/div>\n\t\t<\/div>\n\t\t\t\t<div class=\"elementor-column elementor-col-33 elementor-top-column elementor-element elementor-element-76e94593\" data-id=\"76e94593\" data-element_type=\"column\">\n\t\t\t<div class=\"elementor-widget-wrap\">\n\t\t\t\t\t\t\t<\/div>\n\t\t<\/div>\n\t\t\t\t<div class=\"elementor-column elementor-col-33 elementor-top-column elementor-element elementor-element-2dfe8435\" data-id=\"2dfe8435\" data-element_type=\"column\">\n\t\t\t<div class=\"elementor-widget-wrap elementor-element-populated\">\n\t\t\t\t\t\t<div class=\"elementor-element elementor-element-b7528dc elementor-widget elementor-widget-wpml-language-switcher\" data-id=\"b7528dc\" data-element_type=\"widget\" data-widget_type=\"wpml-language-switcher.default\">\n\t\t\t\t<div class=\"elementor-widget-container\">\n\t\t\t\t\t<div class=\"wpml-elementor-ls\">\n<div class=\"wpml-ls-statics-shortcode_actions wpml-ls wpml-ls-legacy-list-horizontal\">\n\t<ul><li class=\"wpml-ls-slot-shortcode_actions wpml-ls-item wpml-ls-item-de wpml-ls-first-item wpml-ls-item-legacy-list-horizontal\">\n\t\t\t\t<a href=\"https:\/\/documenta-translations.com\/\" class=\"wpml-ls-link\">\n                                                        <img decoding=\"async\"\n            class=\"wpml-ls-flag\"\n            src=\"https:\/\/documenta-translations.com\/wp-content\/plugins\/sitepress-multilingual-cms\/res\/flags\/de.png\"\n            alt=\"\"\n            width=18\n            height=12\n    \/><span class=\"wpml-ls-native\" lang=\"de\">Deutsch<\/span><\/a>\n\t\t\t<\/li><li class=\"wpml-ls-slot-shortcode_actions wpml-ls-item wpml-ls-item-en wpml-ls-item-legacy-list-horizontal\">\n\t\t\t\t<a href=\"https:\/\/documenta-translations.com\/en\/\" class=\"wpml-ls-link\">\n                                                        <img decoding=\"async\"\n            class=\"wpml-ls-flag\"\n            src=\"https:\/\/documenta-translations.com\/wp-content\/plugins\/sitepress-multilingual-cms\/res\/flags\/en.png\"\n            alt=\"\"\n            width=18\n            height=12\n    \/><span class=\"wpml-ls-native\" lang=\"en\">English<\/span><\/a>\n\t\t\t<\/li><li class=\"wpml-ls-slot-shortcode_actions wpml-ls-item wpml-ls-item-fr wpml-ls-current-language wpml-ls-last-item wpml-ls-item-legacy-list-horizontal\">\n\t\t\t\t<a href=\"https:\/\/documenta-translations.com\/fr\/\" class=\"wpml-ls-link\">\n                                                        <img decoding=\"async\"\n            class=\"wpml-ls-flag\"\n            src=\"https:\/\/documenta-translations.com\/wp-content\/plugins\/sitepress-multilingual-cms\/res\/flags\/fr.png\"\n            alt=\"\"\n            width=18\n            height=12\n    \/><span class=\"wpml-ls-native\">Fran\u00e7ais<\/span><\/a>\n\t\t\t<\/li><\/ul>\n<\/div>\n<\/div>\t\t\t\t<\/div>\n\t\t\t\t<\/div>\n\t\t\t\t\t<\/div>\n\t\t<\/div>\n\t\t\t\t\t<\/div>\n\t\t<\/section>\n\t\t\t\t<header class=\"elementor-section elementor-top-section elementor-element elementor-element-5ce3ab2d elementor-section-content-middle elementor-section-full_width elementor-section-height-default elementor-section-height-default\" data-id=\"5ce3ab2d\" data-element_type=\"section\">\n\t\t\t\t\t\t<div class=\"elementor-container elementor-column-gap-default\">\n\t\t\t\t\t<div class=\"elementor-column elementor-col-100 elementor-top-column elementor-element elementor-element-58cb9bfe\" data-id=\"58cb9bfe\" data-element_type=\"column\">\n\t\t\t<div class=\"elementor-widget-wrap elementor-element-populated\">\n\t\t\t\t\t\t<section class=\"elementor-section elementor-inner-section elementor-element elementor-element-78769358 elementor-section-content-middle elementor-section-boxed elementor-section-height-default elementor-section-height-default\" data-id=\"78769358\" data-element_type=\"section\">\n\t\t\t\t\t\t<div class=\"elementor-container elementor-column-gap-default\">\n\t\t\t\t\t<div class=\"elementor-column elementor-col-20 elementor-inner-column elementor-element elementor-element-502403e5\" data-id=\"502403e5\" data-element_type=\"column\">\n\t\t\t<div class=\"elementor-widget-wrap elementor-element-populated\">\n\t\t\t\t\t\t<div class=\"elementor-element elementor-element-1f1b1e2 elementor-widget elementor-widget-image\" data-id=\"1f1b1e2\" data-element_type=\"widget\" data-widget_type=\"image.default\">\n\t\t\t\t<div class=\"elementor-widget-container\">\n\t\t\t\t\t\t\t\t\t\t\t\t\t\t\t\t<a href=\"https:\/\/documenta-translations.com\/fr\/\">\n\t\t\t\t\t\t\t<img decoding=\"async\" src=\"https:\/\/documenta-translations.com\/wp-content\/uploads\/elementor\/thumbs\/dr-feix-logo-centralizado-H-r2hgjbtart5lg3rga4rhkufu6winz5f8ryd04zck50.jpg\" title=\"dr-feix-logo-centralizado-H.jpg\" alt=\"dr-feix-logo-centralizado-H.jpg\" loading=\"lazy\" \/>\t\t\t\t\t\t\t\t<\/a>\n\t\t\t\t\t\t\t\t\t\t\t\t\t\t\t<\/div>\n\t\t\t\t<\/div>\n\t\t\t\t\t<\/div>\n\t\t<\/div>\n\t\t\t\t<div class=\"elementor-column elementor-col-20 elementor-inner-column elementor-element elementor-element-1a38328b\" data-id=\"1a38328b\" data-element_type=\"column\">\n\t\t\t<div class=\"elementor-widget-wrap elementor-element-populated\">\n\t\t\t\t\t\t<div class=\"elementor-element elementor-element-21215a90 elementor-view-framed elementor-position-left elementor-shape-circle elementor-mobile-position-top elementor-vertical-align-top elementor-widget elementor-widget-icon-box\" data-id=\"21215a90\" data-element_type=\"widget\" data-widget_type=\"icon-box.default\">\n\t\t\t\t<div class=\"elementor-widget-container\">\n\t\t\t\t\t\t\t<div class=\"elementor-icon-box-wrapper\">\n\n\t\t\t\t\t\t<div class=\"elementor-icon-box-icon\">\n\t\t\t\t<a href=\"mailto:translations@dr-feix.com\" class=\"elementor-icon\" tabindex=\"-1\">\n\t\t\t\t<i aria-hidden=\"true\" class=\"fas fa-mail-bulk\"><\/i>\t\t\t\t<\/a>\n\t\t\t<\/div>\n\t\t\t\n\t\t\t\t\t\t<div class=\"elementor-icon-box-content\">\n\n\t\t\t\t\n\t\t\t\t\t\t\t\t\t<p class=\"elementor-icon-box-description\">\n\t\t\t\t\t\ttranslations@dr-feix.com\t\t\t\t\t<\/p>\n\t\t\t\t\n\t\t\t<\/div>\n\t\t\t\n\t\t<\/div>\n\t\t\t\t\t\t<\/div>\n\t\t\t\t<\/div>\n\t\t\t\t\t<\/div>\n\t\t<\/div>\n\t\t\t\t<div class=\"elementor-column elementor-col-20 elementor-inner-column elementor-element elementor-element-3dc66d28\" data-id=\"3dc66d28\" data-element_type=\"column\">\n\t\t\t<div class=\"elementor-widget-wrap elementor-element-populated\">\n\t\t\t\t\t\t<div class=\"elementor-element elementor-element-6708016a elementor-view-framed elementor-position-left elementor-shape-circle elementor-mobile-position-top elementor-vertical-align-top elementor-widget elementor-widget-icon-box\" data-id=\"6708016a\" data-element_type=\"widget\" data-widget_type=\"icon-box.default\">\n\t\t\t\t<div class=\"elementor-widget-container\">\n\t\t\t\t\t\t\t<div class=\"elementor-icon-box-wrapper\">\n\n\t\t\t\t\t\t<div class=\"elementor-icon-box-icon\">\n\t\t\t\t<a href=\"tel:+490689775823\" class=\"elementor-icon\" tabindex=\"-1\">\n\t\t\t\t<i aria-hidden=\"true\" class=\"fas fa-phone\"><\/i>\t\t\t\t<\/a>\n\t\t\t<\/div>\n\t\t\t\n\t\t\t\t\t\t<div class=\"elementor-icon-box-content\">\n\n\t\t\t\t\n\t\t\t\t\t\t\t\t\t<p class=\"elementor-icon-box-description\">\n\t\t\t\t\t\t+49 (0) 6897 75823\t\t\t\t\t<\/p>\n\t\t\t\t\n\t\t\t<\/div>\n\t\t\t\n\t\t<\/div>\n\t\t\t\t\t\t<\/div>\n\t\t\t\t<\/div>\n\t\t\t\t\t<\/div>\n\t\t<\/div>\n\t\t\t\t<div class=\"elementor-column elementor-col-20 elementor-inner-column elementor-element elementor-element-56cb29dc\" data-id=\"56cb29dc\" data-element_type=\"column\">\n\t\t\t<div class=\"elementor-widget-wrap elementor-element-populated\">\n\t\t\t\t\t\t<div class=\"elementor-element elementor-element-2e690221 elementor-shape-rounded elementor-grid-0 e-grid-align-center elementor-widget elementor-widget-social-icons\" data-id=\"2e690221\" data-element_type=\"widget\" data-widget_type=\"social-icons.default\">\n\t\t\t\t<div class=\"elementor-widget-container\">\n\t\t\t\t\t\t\t<div class=\"elementor-social-icons-wrapper elementor-grid\">\n\t\t\t\t\t\t\t<span class=\"elementor-grid-item\">\n\t\t\t\t\t<a class=\"elementor-icon elementor-social-icon elementor-social-icon-facebook elementor-animation-shrink elementor-repeater-item-3598a4b\" href=\"https:\/\/www.facebook.com\/Dr-Feix-Translations-104711984528376\/\" target=\"_blank\">\n\t\t\t\t\t\t<span class=\"elementor-screen-only\">Facebook<\/span>\n\t\t\t\t\t\t<i class=\"fab fa-facebook\"><\/i>\t\t\t\t\t<\/a>\n\t\t\t\t<\/span>\n\t\t\t\t\t\t\t<span class=\"elementor-grid-item\">\n\t\t\t\t\t<a class=\"elementor-icon elementor-social-icon elementor-social-icon-linkedin elementor-animation-shrink elementor-repeater-item-8c5886c\" href=\"https:\/\/www.linkedin.com\/company\/dr-feix-ubersetzungsburo\" target=\"_blank\">\n\t\t\t\t\t\t<span class=\"elementor-screen-only\">Linkedin<\/span>\n\t\t\t\t\t\t<i class=\"fab fa-linkedin\"><\/i>\t\t\t\t\t<\/a>\n\t\t\t\t<\/span>\n\t\t\t\t\t<\/div>\n\t\t\t\t\t\t<\/div>\n\t\t\t\t<\/div>\n\t\t\t\t\t<\/div>\n\t\t<\/div>\n\t\t\t\t<div class=\"elementor-column elementor-col-20 elementor-inner-column elementor-element elementor-element-2822a83f\" data-id=\"2822a83f\" data-element_type=\"column\">\n\t\t\t<div class=\"elementor-widget-wrap elementor-element-populated\">\n\t\t\t\t\t\t<div class=\"elementor-element elementor-element-6b4313aa elementor-align-center elementor-widget elementor-widget-button\" data-id=\"6b4313aa\" data-element_type=\"widget\" data-widget_type=\"button.default\">\n\t\t\t\t<div class=\"elementor-widget-container\">\n\t\t\t\t\t\t\t\t\t<div class=\"elementor-button-wrapper\">\n\t\t\t\t\t<a class=\"elementor-button elementor-button-link elementor-size-md\" href=\"https:\/\/documenta-translations.com\/fr\/demander-un-devis\/\">\n\t\t\t\t\t\t<span class=\"elementor-button-content-wrapper\">\n\t\t\t\t\t\t\t\t\t<span class=\"elementor-button-text\">Demander un devis<\/span>\n\t\t\t\t\t<\/span>\n\t\t\t\t\t<\/a>\n\t\t\t\t<\/div>\n\t\t\t\t\t\t\t\t<\/div>\n\t\t\t\t<\/div>\n\t\t\t\t\t<\/div>\n\t\t<\/div>\n\t\t\t\t\t<\/div>\n\t\t<\/section>\n\t\t\t\t\t<\/div>\n\t\t<\/div>\n\t\t\t\t\t<\/div>\n\t\t<\/header>\n\t\t\t\t<section class=\"elementor-section elementor-top-section elementor-element elementor-element-5c02ecff elementor-section-boxed elementor-section-height-default elementor-section-height-default\" data-id=\"5c02ecff\" data-element_type=\"section\">\n\t\t\t\t\t\t<div class=\"elementor-container elementor-column-gap-default\">\n\t\t\t\t\t<div class=\"elementor-column elementor-col-100 elementor-top-column elementor-element elementor-element-77ae55de\" data-id=\"77ae55de\" data-element_type=\"column\">\n\t\t\t<div class=\"elementor-widget-wrap elementor-element-populated\">\n\t\t\t\t\t\t<div class=\"elementor-element elementor-element-5ec81669 elementor-widget elementor-widget-heading\" data-id=\"5ec81669\" data-element_type=\"widget\" data-widget_type=\"heading.default\">\n\t\t\t\t<div class=\"elementor-widget-container\">\n\t\t\t\t\t<h2 class=\"elementor-heading-title elementor-size-default\">D\u00e9claration de protection des donn\u00e9es<\/h2>\t\t\t\t<\/div>\n\t\t\t\t<\/div>\n\t\t\t\t\t<\/div>\n\t\t<\/div>\n\t\t\t\t\t<\/div>\n\t\t<\/section>\n\t\t\t\t<section class=\"elementor-section elementor-top-section elementor-element elementor-element-746b52c elementor-section-boxed elementor-section-height-default elementor-section-height-default\" data-id=\"746b52c\" data-element_type=\"section\">\n\t\t\t\t\t\t<div class=\"elementor-container elementor-column-gap-default\">\n\t\t\t\t\t<div class=\"elementor-column elementor-col-100 elementor-top-column elementor-element elementor-element-43ffec4\" data-id=\"43ffec4\" data-element_type=\"column\">\n\t\t\t<div class=\"elementor-widget-wrap elementor-element-populated\">\n\t\t\t\t\t\t<div class=\"elementor-element elementor-element-3a1d6f77 elementor-widget elementor-widget-text-editor\" data-id=\"3a1d6f77\" data-element_type=\"widget\" data-widget_type=\"text-editor.default\">\n\t\t\t\t<div class=\"elementor-widget-container\">\n\t\t\t\t\t\t\t\t\t<p>Nous nous r\u00e9jouissons de l\u2019int\u00e9r\u00eat que vous portez \u00e0 notre entreprise. Nous accordons une importance capitale \u00e0 la protection des donn\u00e9es, c\u2019est pourquoi nous attirons votre attention sur certains points y aff\u00e9rents. Il est tout \u00e0 fait possible d\u2019utiliser notre site Web \u00e0 des fins d\u2019information sans qu\u2019aucune donn\u00e9e personnelle ne soit collect\u00e9e. Toutefois, si vous entrez en contact avec nous via notre formulaire de contact ou si vous utilisez les services offerts sur notre site, sachez que vos donn\u00e9es personnelles sont trait\u00e9es par nos soins, le cas \u00e9ch\u00e9ant.<\/p>\n<p>Le traitement des donn\u00e9es personnelles, notamment le nom, l\u2019adresse, le courriel et le num\u00e9ro de t\u00e9l\u00e9phone de la personne concern\u00e9e s\u2019effectue toujours conform\u00e9ment au r\u00e8glement g\u00e9n\u00e9ral sur la protection des donn\u00e9es (RGPD) et en accord avec les dispositions relatives \u00e0 la protection des donn\u00e9es applicables en Allemagne \u00e0 la soci\u00e9t\u00e9 \u00dcbersetzungsb\u00fcro Dr. Feix.<\/p>\n<p>Responsable du traitement de vos donn\u00e9es personnelles\u00a0:<\/p>\n<p>Dr. Nereu Feix<br \/>\nJahnstra\u00dfe 23<br \/>\n66125 Saarbr\u00fccken-Dudweiler, Allemagne<\/p>\n<p>E-mail\u00a0: <a href=\"mailto:translations@dr-feix.com\">translations@dr-feix.com<\/a><br \/>\nT\u00e9l.\u00a0: +49 (0)6897 75823<br \/>\nInternet\u00a0: <a href=\"http:\/\/www.dr-feix.com\/\">www.dr-feix.com<\/a><\/p>\n<h2>Divulgation des donn\u00e9es \u00e0 des tiers et prestataires tiers<\/h2>\n<p>Nous traitons vos donn\u00e9es personnelles en respectant les dispositions l\u00e9gales applicables. Nous ne divulguons les donn\u00e9es personnelles \u00e0 des tiers que dans le cadre pr\u00e9vu par la loi.<\/p>\n<p>Nous nous r\u00e9servons le droit de transmettre une partie des donn\u00e9es personnelles \u00e0 nos sous-traitants et autres tiers avec lesquels nous travaillons, comme les autres agences de traduction ou les traducteurs ind\u00e9pendants. Nous y sommes autoris\u00e9s si la personne concern\u00e9e a consenti au traitement de ses donn\u00e9es personnelles sur notre site (article\u00a06, paragraphe\u00a01, point\u00a0a) et article\u00a07 du RGPD), si nous y sommes tenus en vertu d\u2019obligations contractuelles ou pr\u00e9-contractuelles (article\u00a06, paragraphe\u00a01, point\u00a0b) du RGPD), en vertu d\u2019une obligation l\u00e9gale (article\u00a06, paragraphe\u00a01, point\u00a0c) du RGPD) ou si nous devons sauvegarder nos int\u00e9r\u00eats l\u00e9gitimes (article\u00a06, paragraphe\u00a01, point\u00a0f) du RGPD).<\/p>\n<h2>Objet du traitement<\/h2>\n<p>Nous collectons et traitons les donn\u00e9es personnelles des utilisateurs de notre site Web pour faciliter la communication et le partage d\u2019informations avec vous (notamment \u00e0 l\u2019aide de notre formulaire de contact et de notre formulaire de demande de devis), le but \u00e9tant d\u2019assurer la fonctionnalit\u00e9 de notre site Web, de l\u2019optimiser et de garantir la s\u00e9curit\u00e9 de nos syst\u00e8mes informatiques.<\/p>\n<h2>Fondements juridiques du traitement des donn\u00e9es personnelles<\/h2>\n<p>Chez nous, le traitement des donn\u00e9es personnelles repose toujours sur un ou plusieurs fondement(s) juridique(s). En r\u00e8gle g\u00e9n\u00e9rale, nous sommes syst\u00e9matiquement autoris\u00e9s \u00e0 traiter des donn\u00e9es personnelles si la personne concern\u00e9e y a consenti (article\u00a06, paragraphe\u00a01, point\u00a0a) et article\u00a07 du RGPD), si nous y sommes tenus en vertu d\u2019obligations contractuelles ou pr\u00e9-contractuelles (article\u00a06, paragraphe\u00a01, point\u00a0b) du RGPD), en vertu d\u2019une obligation l\u00e9gale (article\u00a06, paragraphe\u00a01, point\u00a0c) du RGPD) ou si nous devons sauvegarder nos int\u00e9r\u00eats l\u00e9gitimes (article\u00a06, paragraphe\u00a01, point\u00a0f) du RGPD).<\/p>\n<h2>Dur\u00e9e de conservation<\/h2>\n<p>Le responsable du traitement traite et conserve les donn\u00e9es personnelles de la personne concern\u00e9e uniquement pendant la dur\u00e9e n\u00e9cessaire \u00e0 la r\u00e9alisation de l\u2019objet de leur collecte ou pendant la dur\u00e9e vis\u00e9e par le l\u00e9gislateur europ\u00e9en dans ses directives et r\u00e8glements ou par tout autre l\u00e9gislateur promulguant des lois et r\u00e8glements applicables au responsable du traitement.<\/p>\n<p>D\u00e8s lors que l\u2019objet de la collecte dispara\u00eet ou que le d\u00e9lai de conservation des donn\u00e9es pr\u00e9vu par le l\u00e9gislateur europ\u00e9en ou par tout autre l\u00e9gislateur comp\u00e9tent expire, nous proc\u00e9dons \u00e0 un verrouillage ou \u00e0 un effacement de routine des donn\u00e9es personnelles, conform\u00e9ment aux dispositions l\u00e9gales.<\/p>\n<h2>Information et acc\u00e8s\/Effacement ou verrouillage<\/h2>\n<p>Vous avez \u00e0 tout moment la possibilit\u00e9 de vous informer au sujet de vos donn\u00e9es personnelles. Vous pouvez en conna\u00eetre l\u2019origine et la destination et vous renseigner sur l\u2019utilit\u00e9 du traitement des donn\u00e9es qui vous concernent. En outre, vous avez le droit de nous demander gratuitement une correction, un verrouillage ou un effacement de vos donn\u00e9es personnelles. Pour ce faire, veuillez vous r\u00e9f\u00e9rer aux modalit\u00e9s de contact figurant dans nos mentions l\u00e9gales. Nous nous tenons \u00e0 votre enti\u00e8re disposition pour toute question.<\/p>\n<h2>Droit d\u2019opposition<\/h2>\n<p>Le l\u00e9gislateur europ\u00e9en garantit \u00e0 toute personne concern\u00e9e par le traitement de ses donn\u00e9es personnelles le droit de s\u2019opposer \u00e0 tout moment au traitement des donn\u00e9es personnelles la concernant, pour des raisons tenant \u00e0 sa situation particuli\u00e8re et conform\u00e9ment \u00e0 l\u2019article\u00a06, paragraphe\u00a01, points\u00a0e) et\u00a0f) du RGPD.<\/p>\n<h2>Portabilit\u00e9 des donn\u00e9es<\/h2>\n<p>Le l\u00e9gislateur europ\u00e9en garantit \u00e0 toute personne concern\u00e9e par le traitement de ses donn\u00e9es personnelles le droit de recevoir, dans un format structur\u00e9, couramment utilis\u00e9 et lisible par une machine, les donn\u00e9es personnelles qu\u2019elle aura pr\u00e9alablement fournies au responsable du traitement. Elle a par ailleurs le droit de transmettre ces donn\u00e9es \u00e0 un autre responsable du traitement sans que le responsable du traitement auquel les donn\u00e9es personnelles ont \u00e9t\u00e9 communiqu\u00e9es y fasse obstacle, lorsque le traitement est fond\u00e9 sur le consentement en application de l\u2019article\u00a06, paragraphe\u00a01, point\u00a0a) du RGPD ou de l\u2019article\u00a09, paragraphe\u00a02, point\u00a0a) du RGPD ou sur un contrat en application de l\u2019article\u00a06, paragraphe\u00a01, point\u00a0b) du RGPD et que le traitement est uniquement effectu\u00e9 \u00e0 l\u2019aide de proc\u00e9d\u00e9s automatis\u00e9s, dans la mesure o\u00f9 le traitement n\u2019est pas n\u00e9cessaire \u00e0 l\u2019ex\u00e9cution d\u2019une mission d\u2019int\u00e9r\u00eat public ou relevant de l\u2019exercice de l\u2019autorit\u00e9 publique dont serait investi le responsable du traitement.<\/p>\n<p>En outre, la personne concern\u00e9e par le traitement de ses donn\u00e9es personnelles dispose, dans l\u2019exercice du droit \u00e0 la portabilit\u00e9 des donn\u00e9es et selon l\u2019article\u00a020, paragraphe\u00a01 du RGPD, du droit d\u2019obtenir que les donn\u00e9es personnelles la concernant soient transmises directement d\u2019un responsable du traitement \u00e0 un autre, lorsque cela est techniquement possible et tant que ce droit ne porte pas atteinte aux droits et libert\u00e9s de tiers.<\/p>\n<h2>Droit de r\u00e9vocation d\u2019un consentement selon les termes de la loi relative \u00e0 la protection des donn\u00e9es<\/h2>\n<p>Le l\u00e9gislateur europ\u00e9en garantit \u00e0 toute personne concern\u00e9e par le traitement de ses donn\u00e9es personnelles le droit de retirer \u00e0 tout moment son consentement au traitement de ses donn\u00e9es personnelles. Le retrait du consentement ne compromet pas la lic\u00e9it\u00e9 du traitement fond\u00e9 sur le consentement effectu\u00e9 avant ce retrait.<\/p>\n<h2>Droit de recours aupr\u00e8s d\u2019une autorit\u00e9 de contr\u00f4le<\/h2>\n<p>Vous avez toujours la possibilit\u00e9 d\u2019introduire un recours aupr\u00e8s d\u2019une autorit\u00e9 de contr\u00f4le de la protection des donn\u00e9es.<br \/>\nLes coordonn\u00e9es de l\u2019autorit\u00e9 de contr\u00f4le \u00e0 laquelle notre entreprise est assujettie sont\u00a0:<\/p>\n<p>Unabh\u00e4ngiges Datenschutzzentrum Saarland<br \/>\nDie Landesbeauftragte f\u00fcr Datenschutz und Informationsfreiheit<br \/>\nFritz-Dobisch-Stra\u00dfe 12<br \/>\n66111 Saarbr\u00fccken, Allemagne<br \/>\nT\u00e9l.\u00a0: +49 (0)681 94781-0<br \/>\nFax\u00a0: +49 (0)681 94781-29<br \/>\nE-mail\u00a0: <a href=\"mailto:poststelle@datenschutz.saarland.de\">poststelle@datenschutz.saarland.de<\/a><\/p>\n\t\t\t\t\t\t\t\t<\/div>\n\t\t\t\t<\/div>\n\t\t\t\t\t<\/div>\n\t\t<\/div>\n\t\t\t\t\t<\/div>\n\t\t<\/section>\n\t\t\t\t<footer class=\"elementor-section elementor-top-section elementor-element elementor-element-36c84f59 elementor-section-content-middle elementor-section-boxed elementor-section-height-default elementor-section-height-default\" data-id=\"36c84f59\" data-element_type=\"section\" data-settings=\"{&quot;background_background&quot;:&quot;classic&quot;}\">\n\t\t\t\t\t\t<div class=\"elementor-container elementor-column-gap-default\">\n\t\t\t\t\t<div class=\"elementor-column elementor-col-100 elementor-top-column elementor-element elementor-element-5cd145a\" data-id=\"5cd145a\" data-element_type=\"column\">\n\t\t\t<div class=\"elementor-widget-wrap elementor-element-populated\">\n\t\t\t\t\t\t<div class=\"elementor-element elementor-element-751a07ea elementor-widget elementor-widget-text-editor\" data-id=\"751a07ea\" data-element_type=\"widget\" data-widget_type=\"text-editor.default\">\n\t\t\t\t<div class=\"elementor-widget-container\">\n\t\t\t\t\t\t\t\t\t<p>Allemand, Anglais, Arabe, Bulgare, Chinois, Cinghalais, Cor\u00e9en, Croate, Danois, Espagnol, Estonien, Finnois, Fran\u00e7ais, Grec, H\u00e9breux, Hindi, Hongrois, Italien, Japonais, Latin, Letton, Lituanien, N\u00e9erlandais, Norv\u00e9gien, Polonais, Portugais, Roumain, Russe, Serbe, Slovaque, Slov\u00e8ne, Su\u00e9dois, Tch\u00e8que, Tha\u00ef, Turc, Ukrainien, Vietnamien<\/p>\t\t\t\t\t\t\t\t<\/div>\n\t\t\t\t<\/div>\n\t\t\t\t\t<\/div>\n\t\t<\/div>\n\t\t\t\t\t<\/div>\n\t\t<\/footer>\n\t\t\t\t<footer class=\"elementor-section elementor-top-section elementor-element elementor-element-38701324 elementor-section-content-middle elementor-section-boxed elementor-section-height-default elementor-section-height-default\" data-id=\"38701324\" data-element_type=\"section\" data-settings=\"{&quot;background_background&quot;:&quot;classic&quot;}\">\n\t\t\t\t\t\t<div class=\"elementor-container elementor-column-gap-default\">\n\t\t\t\t\t<div class=\"elementor-column elementor-col-100 elementor-top-column elementor-element elementor-element-36bd82e0\" data-id=\"36bd82e0\" data-element_type=\"column\">\n\t\t\t<div class=\"elementor-widget-wrap elementor-element-populated\">\n\t\t\t\t\t\t<div class=\"elementor-element elementor-element-e768771 elementor-widget elementor-widget-text-editor\" data-id=\"e768771\" data-element_type=\"widget\" data-widget_type=\"text-editor.default\">\n\t\t\t\t<div class=\"elementor-widget-container\">\n\t\t\t\t\t\t\t\t\t<p class=\"_04xlpA direction-ltr align-center para-style-title\" style=\"text-align: center;\"><span class=\"JsGRdQ\" style=\"font-size: 12pt; color: #ffffff;\"><a href=\"https:\/\/documenta-translations.com\/fr\/mentions-legales\/\">Mentions l\u00e9gales<\/a> | <a href=\"https:\/\/documenta-translations.com\/fr\/declaration-de-protection-des-donnees\/\">D\u00e9claration de protection des donn\u00e9es<\/a><\/span><\/p>\n\t\t\t\t\t\t\t\t<\/div>\n\t\t\t\t<\/div>\n\t\t\t\t\t<\/div>\n\t\t<\/div>\n\t\t\t\t\t<\/div>\n\t\t<\/footer>\n\t\t\t\t<\/div>\n\t\t","protected":false},"excerpt":{"rendered":"<p>Home Deutsch English Fran\u00e7ais translations@dr-feix.com +49 (0) 6897 75823 Facebook Linkedin Demander un devis D\u00e9claration de protection des donn\u00e9es Nous nous r\u00e9jouissons de l\u2019int\u00e9r\u00eat que vous portez \u00e0 notre entreprise. Nous accordons une importance capitale \u00e0 la protection des donn\u00e9es, c\u2019est pourquoi nous attirons votre attention sur certains points y aff\u00e9rents. Il est tout \u00e0 &hellip; <a href=\"https:\/\/documenta-translations.com\/fr\/declaration-de-protection-des-donnees\/\" class=\"more-link\">Continuer la lecture<span class=\"screen-reader-text\"> de &laquo;&nbsp;D\u00e9claration de protection des donn\u00e9es&nbsp;&raquo;<\/span><\/a><\/p>\n","protected":false},"author":3,"featured_media":0,"parent":0,"menu_order":0,"comment_status":"closed","ping_status":"closed","template":"elementor_canvas","meta":{"footnotes":""},"class_list":["post-779","page","type-page","status-publish","hentry"],"_links":{"self":[{"href":"https:\/\/documenta-translations.com\/fr\/wp-json\/wp\/v2\/pages\/779","targetHints":{"allow":["GET"]}}],"collection":[{"href":"https:\/\/documenta-translations.com\/fr\/wp-json\/wp\/v2\/pages"}],"about":[{"href":"https:\/\/documenta-translations.com\/fr\/wp-json\/wp\/v2\/types\/page"}],"author":[{"embeddable":true,"href":"https:\/\/documenta-translations.com\/fr\/wp-json\/wp\/v2\/users\/3"}],"replies":[{"embeddable":true,"href":"https:\/\/documenta-translations.com\/fr\/wp-json\/wp\/v2\/comments?post=779"}],"version-history":[{"count":4,"href":"https:\/\/documenta-translations.com\/fr\/wp-json\/wp\/v2\/pages\/779\/revisions"}],"predecessor-version":[{"id":832,"href":"https:\/\/documenta-translations.com\/fr\/wp-json\/wp\/v2\/pages\/779\/revisions\/832"}],"wp:attachment":[{"href":"https:\/\/documenta-translations.com\/fr\/wp-json\/wp\/v2\/media?parent=779"}],"curies":[{"name":"wp","href":"https:\/\/api.w.org\/{rel}","templated":true}]}}